{"id":195,"date":"2018-03-05T21:23:58","date_gmt":"2018-03-05T21:23:58","guid":{"rendered":"http:\/\/localhost:9080\/ariel\/?page_id=195"},"modified":"2018-03-22T15:44:25","modified_gmt":"2018-03-22T15:44:25","slug":"infraestructura","status":"publish","type":"page","link":"https:\/\/ismconsultora.com.ar\/?page_id=195","title":{"rendered":"infraestructura"},"content":{"rendered":"<h1>Civil:<\/h1>\n<p>Construcci\u00f3n y Mantenimiento de todo tipo de obra civil.<br \/>\nConstrucci\u00f3n de edificaciones sencillas y complejas.<br \/>\nConstrucci\u00f3n de estructuras convencionales y especiales.<br \/>\nConstrucci\u00f3n de obras de estabilizaci\u00f3n, sistemas de irrigaci\u00f3n y drenajes.<\/p>\n<h1 style=\"text-align: right;\">El\u00e9ctrico:<\/h1>\n<p style=\"text-align: right;\">Sistema de puesta a tierra.<br \/>\nRedes de media y baja tensi\u00f3n.<br \/>\nSubestaciones el\u00e9ctrica.<br \/>\nSistemas internos y externos de iluminaci\u00f3n.<\/p>\n<!-- AddThis Advanced Settings generic via filter on the_content --><!-- AddThis Share Buttons generic via filter on the_content -->","protected":false},"excerpt":{"rendered":"<p>Civil: Construcci\u00f3n y Mantenimiento de todo tipo de obra civil. Construcci\u00f3n de edificaciones sencillas y complejas. Construcci\u00f3n de estructuras convencionales y especiales. Construcci\u00f3n de obras de estabilizaci\u00f3n, sistemas de irrigaci\u00f3n y drenajes. El\u00e9ctrico: Sistema de puesta a tierra. Redes de media y baja tensi\u00f3n. Subestaciones el\u00e9ctrica. Sistemas internos y externos de iluminaci\u00f3n.<!-- AddThis Advanced Settings generic via filter on get_the_excerpt --><!-- AddThis Share Buttons generic via filter on get_the_excerpt --><\/p>\n","protected":false},"author":2,"featured_media":232,"parent":0,"menu_order":0,"comment_status":"closed","ping_status":"closed","template":"","meta":{"footnotes":""},"class_list":["post-195","page","type-page","status-publish","has-post-thumbnail","hentry"],"_links":{"self":[{"href":"https:\/\/ismconsultora.com.ar\/index.php?rest_route=\/wp\/v2\/pages\/195","targetHints":{"allow":["GET"]}}],"collection":[{"href":"https:\/\/ismconsultora.com.ar\/index.php?rest_route=\/wp\/v2\/pages"}],"about":[{"href":"https:\/\/ismconsultora.com.ar\/index.php?rest_route=\/wp\/v2\/types\/page"}],"author":[{"embeddable":true,"href":"https:\/\/ismconsultora.com.ar\/index.php?rest_route=\/wp\/v2\/users\/2"}],"replies":[{"embeddable":true,"href":"https:\/\/ismconsultora.com.ar\/index.php?rest_route=%2Fwp%2Fv2%2Fcomments&post=195"}],"version-history":[{"count":1,"href":"https:\/\/ismconsultora.com.ar\/index.php?rest_route=\/wp\/v2\/pages\/195\/revisions"}],"predecessor-version":[{"id":234,"href":"https:\/\/ismconsultora.com.ar\/index.php?rest_route=\/wp\/v2\/pages\/195\/revisions\/234"}],"wp:featuredmedia":[{"embeddable":true,"href":"https:\/\/ismconsultora.com.ar\/index.php?rest_route=\/wp\/v2\/media\/232"}],"wp:attachment":[{"href":"https:\/\/ismconsultora.com.ar\/index.php?rest_route=%2Fwp%2Fv2%2Fmedia&parent=195"}],"curies":[{"name":"wp","href":"https:\/\/api.w.org\/{rel}","templated":true}]}}