{"id":57,"date":"2018-03-01T16:58:42","date_gmt":"2018-03-01T16:58:42","guid":{"rendered":"http:\/\/localhost:9080\/ariel\/?page_id=57"},"modified":"2018-03-23T17:16:14","modified_gmt":"2018-03-23T17:16:14","slug":"insumos","status":"publish","type":"page","link":"https:\/\/ismconsultora.com.ar\/?page_id=57","title":{"rendered":"Insumos"},"content":{"rendered":"<h3><strong>Comercializaci\u00f3n y distribuci\u00f3n de insumos industriales y E.P.P<\/strong><\/h3>\n<p>* Los Elementos de Protecci\u00f3n Personal (EPP) son indispensables para prevenir accidentes de trabajo y enfermedades profesionales ante la presencia de riesgos espec\u00edficos que no pueden ser aislados o eliminados.<\/p>\n<p>* Los EPP deben ser provistos por el empleador y en algunas categor\u00edas tienen que estar certificados por uno de los dos \u00fanicos entes certificadores reconocidos por la Secretar\u00eda de Comercio en la Argentina: IRAM (Instituto Argentino de Normalizaci\u00f3n y Certificaci\u00f3n) y UL (Underwriters Laboratories).<\/p>\n<p>&nbsp;<\/p>\n<!-- AddThis Advanced Settings generic via filter on the_content --><!-- AddThis Share Buttons generic via filter on the_content -->","protected":false},"excerpt":{"rendered":"<p>Comercializaci\u00f3n y distribuci\u00f3n de insumos industriales y E.P.P * Los Elementos de Protecci\u00f3n Personal (EPP) son indispensables para prevenir accidentes de trabajo y enfermedades profesionales ante la presencia de riesgos espec\u00edficos que no pueden ser aislados o eliminados. * Los EPP deben ser provistos por el empleador y en algunas categor\u00edas tienen que estar certificados &hellip; <\/p>\n<p class=\"link-more\"><a href=\"https:\/\/ismconsultora.com.ar\/?page_id=57\" class=\"more-link\">Continuar leyendo<span class=\"screen-reader-text\"> \u00abInsumos\u00bb<\/span><\/a><\/p>\n<p><!-- AddThis Advanced Settings generic via filter on get_the_excerpt --><!-- AddThis Share Buttons generic via filter on get_the_excerpt --><\/p>\n","protected":false},"author":2,"featured_media":0,"parent":0,"menu_order":0,"comment_status":"closed","ping_status":"closed","template":"","meta":{"footnotes":""},"class_list":["post-57","page","type-page","status-publish","hentry"],"_links":{"self":[{"href":"https:\/\/ismconsultora.com.ar\/index.php?rest_route=\/wp\/v2\/pages\/57","targetHints":{"allow":["GET"]}}],"collection":[{"href":"https:\/\/ismconsultora.com.ar\/index.php?rest_route=\/wp\/v2\/pages"}],"about":[{"href":"https:\/\/ismconsultora.com.ar\/index.php?rest_route=\/wp\/v2\/types\/page"}],"author":[{"embeddable":true,"href":"https:\/\/ismconsultora.com.ar\/index.php?rest_route=\/wp\/v2\/users\/2"}],"replies":[{"embeddable":true,"href":"https:\/\/ismconsultora.com.ar\/index.php?rest_route=%2Fwp%2Fv2%2Fcomments&post=57"}],"version-history":[{"count":1,"href":"https:\/\/ismconsultora.com.ar\/index.php?rest_route=\/wp\/v2\/pages\/57\/revisions"}],"predecessor-version":[{"id":283,"href":"https:\/\/ismconsultora.com.ar\/index.php?rest_route=\/wp\/v2\/pages\/57\/revisions\/283"}],"wp:attachment":[{"href":"https:\/\/ismconsultora.com.ar\/index.php?rest_route=%2Fwp%2Fv2%2Fmedia&parent=57"}],"curies":[{"name":"wp","href":"https:\/\/api.w.org\/{rel}","templated":true}]}}